{"id":8,"date":"2020-03-19T13:44:54","date_gmt":"2020-03-19T11:44:54","guid":{"rendered":"https:\/\/therapievoigts.wordpress.com\/?page_id=8"},"modified":"2026-04-15T09:24:26","modified_gmt":"2026-04-15T08:24:26","slug":"contact","status":"publish","type":"page","link":"https:\/\/www.therapie-voigts.de\/en\/contact\/","title":{"rendered":"Contact"},"content":{"rendered":"<p class=\"has-text-align-left\">Please contact me if you want to make an appointment or have any quesitons. Feel free to write me an e-mail (also with a request to call back), call me or talk on my mailbox I will get back to you as fast as possible!<\/p>\n\n\n\n<h2 class=\"wp-block-heading has-text-align-left\"><strong>How to contact me<\/strong><\/h2>\n\n\n\n<p>M.Sc.-Psych. Till Voigts<br>Psychologischer Psychotherapeut (behavioral therapy)<br>Yoga teacher (Yoga Alliance 200 hours certificate)<br>Rigaer Stra\u00dfe 104<br>10247 Berlin<br>Telefon: +49 157\/80898495<br>E-Mail: therapievoigts@posteo.de<\/p>\n\n\n\n<p><\/p>\n\n\n\n<p><\/p>\n\n\n\n<p><\/p>\n\n\n\n<p><\/p>\n\n\n\n<p><\/p>\n\n\n\n<p><\/p>\n\n\n\n<div class=\"wp-block-columns alignwide has-2-columns is-layout-flex wp-container-core-columns-layout-1 wp-block-columns-is-layout-flex\">\n<div class=\"wp-block-column is-layout-flow wp-block-column-is-layout-flow\">\n<div class=\"wp-block-group is-layout-flow wp-block-group-is-layout-flow\"><div class=\"wp-block-group__inner-container\"><\/div><\/div>\n<\/div>\n\n\n\n<div class=\"wp-block-column is-layout-flow wp-block-column-is-layout-flow\"><\/div>\n<\/div>","protected":false},"excerpt":{"rendered":"<p>Kontaktieren Sie mich, wenn Sie einen Termin ausmachen m\u00f6chten oder Fragen an mich haben. Schreiben Sie mir gerne eine E-Mail (gerne auch mit Bitte um R\u00fcckruf), rufen Sie mich an oder sprechen Sie mir auf meine Mailbox. Ich melde mich dann schnellstm\u00f6glich bei Ihnen zur\u00fcck! So erreichen Sie mich M.Sc.-Psych. Till VoigtsPsychologischer Psychotherapeut (Verhaltenstherapie)Yogalehrer (Yoga &hellip; <\/p>\n<p class=\"link-more\"><a href=\"https:\/\/www.therapie-voigts.de\/en\/contact\/\" class=\"more-link\">Continue reading<span class=\"screen-reader-text\"> &#8222;Kontakt&#8220;<\/span><\/a><\/p>","protected":false},"author":2,"featured_media":0,"parent":0,"menu_order":0,"comment_status":"closed","ping_status":"closed","template":"","meta":{"footnotes":""},"_links":{"self":[{"href":"https:\/\/www.therapie-voigts.de\/en\/wp-json\/wp\/v2\/pages\/8"}],"collection":[{"href":"https:\/\/www.therapie-voigts.de\/en\/wp-json\/wp\/v2\/pages"}],"about":[{"href":"https:\/\/www.therapie-voigts.de\/en\/wp-json\/wp\/v2\/types\/page"}],"author":[{"embeddable":true,"href":"https:\/\/www.therapie-voigts.de\/en\/wp-json\/wp\/v2\/users\/2"}],"replies":[{"embeddable":true,"href":"https:\/\/www.therapie-voigts.de\/en\/wp-json\/wp\/v2\/comments?post=8"}],"version-history":[{"count":4,"href":"https:\/\/www.therapie-voigts.de\/en\/wp-json\/wp\/v2\/pages\/8\/revisions"}],"predecessor-version":[{"id":364,"href":"https:\/\/www.therapie-voigts.de\/en\/wp-json\/wp\/v2\/pages\/8\/revisions\/364"}],"wp:attachment":[{"href":"https:\/\/www.therapie-voigts.de\/en\/wp-json\/wp\/v2\/media?parent=8"}],"curies":[{"name":"wp","href":"https:\/\/api.w.org\/{rel}","templated":true}]}}