{"id":33,"date":"2020-03-19T14:02:07","date_gmt":"2020-03-19T12:02:07","guid":{"rendered":"https:\/\/therapievoigts.wordpress.com\/?page_id=33"},"modified":"2026-01-08T13:19:26","modified_gmt":"2026-01-08T12:19:26","slug":"startseite","status":"publish","type":"page","link":"https:\/\/www.therapie-voigts.de\/en\/","title":{"rendered":"Welcome"},"content":{"rendered":"<div class=\"wp-block-cover alignfull is-light\" style=\"min-height:244px\"><span aria-hidden=\"true\" class=\"wp-block-cover__background has-background-dim-30 has-background-dim\"><\/span><img loading=\"lazy\" decoding=\"async\" width=\"1441\" height=\"2560\" class=\"wp-block-cover__image-background wp-image-121\" alt=\"\" src=\"https:\/\/till.rankenste.in\/wp-content\/uploads\/2020\/04\/imag1229-scaled.jpg\" style=\"object-position:19% 86%\" data-object-fit=\"cover\" data-object-position=\"19% 86%\" srcset=\"https:\/\/www.therapie-voigts.de\/wp-content\/uploads\/2020\/04\/imag1229-scaled.jpg 1441w, https:\/\/www.therapie-voigts.de\/wp-content\/uploads\/2020\/04\/imag1229-169x300.jpg 169w, https:\/\/www.therapie-voigts.de\/wp-content\/uploads\/2020\/04\/imag1229-576x1024.jpg 576w, https:\/\/www.therapie-voigts.de\/wp-content\/uploads\/2020\/04\/imag1229-768x1365.jpg 768w, https:\/\/www.therapie-voigts.de\/wp-content\/uploads\/2020\/04\/imag1229-864x1536.jpg 864w, https:\/\/www.therapie-voigts.de\/wp-content\/uploads\/2020\/04\/imag1229-1152x2048.jpg 1152w\" sizes=\"(max-width: 767px) 89vw, (max-width: 1000px) 54vw, (max-width: 1071px) 543px, 580px\" \/><div class=\"wp-block-cover__inner-container is-layout-flow wp-block-cover-is-layout-flow\">\n<p class=\"has-text-align-center has-white-color has-text-color has-link-color wp-elements-1916c0bb200c7ff970e387360d772588\" style=\"font-size:23px\">Welcome<\/p>\n<\/div><\/div>\n\n\n\n<p><\/p>\n\n\n\n<div class=\"wp-block-media-text alignwide is-vertically-aligned-center is-stacked-on-mobile\"><figure class=\"wp-block-media-text__media\"><img loading=\"lazy\" decoding=\"async\" width=\"995\" height=\"1024\" src=\"https:\/\/www.therapie-voigts.de\/wp-content\/uploads\/2026\/01\/IMG_20250221_180017_823-995x1024.jpg\" alt=\"\" class=\"wp-image-345 size-full\" srcset=\"https:\/\/www.therapie-voigts.de\/wp-content\/uploads\/2026\/01\/IMG_20250221_180017_823-995x1024.jpg 995w, https:\/\/www.therapie-voigts.de\/wp-content\/uploads\/2026\/01\/IMG_20250221_180017_823-291x300.jpg 291w, https:\/\/www.therapie-voigts.de\/wp-content\/uploads\/2026\/01\/IMG_20250221_180017_823-768x791.jpg 768w, https:\/\/www.therapie-voigts.de\/wp-content\/uploads\/2026\/01\/IMG_20250221_180017_823-12x12.jpg 12w, https:\/\/www.therapie-voigts.de\/wp-content\/uploads\/2026\/01\/IMG_20250221_180017_823.jpg 1089w\" sizes=\"(max-width: 767px) 89vw, (max-width: 1000px) 54vw, (max-width: 1071px) 543px, 580px\" \/><\/figure><div class=\"wp-block-media-text__content\">\n<p class=\"has-text-align-left\">As a psychotherapist I offer professional psychotherapeutic support for those suffering from psychological problems, personal crisis, interpersonal conflicts or unprocessed biographic experiences. I don\u2019t judge, which issues lead you to me, because there are many highly individual and valid reasons to seek professional help!<\/p>\n<\/div><\/div>\n\n\n\n<p class=\"has-text-align-left\">It is of great value for me to create a non-judgemental, trusting and transparent working atmosphere in my psychotherapy sessions. I take a needs-oriented approach towards analyzing the factors that have led to your current issues with you together and finding potential solutions. I draw from a wide range of psychotherapeutic approaches in my work in order to enable you to integrate past experiences and work towards shaping your life according to your individual values, wishes and dreams. We work out the goals for your therapy together and coordinate each step of the treatment individually.<\/p>\n\n\n\n<p class=\"has-text-align-justify\">I am aware that people have different privileges and I strive to be sensitive to sexism and racism (and discrimination in general) in my work. Furthermore, it is of great importance to me to be open and appreciative towards lifestyles that do not conform to societal norms (e.g. queer, non-monogamous, non-heteronormative, sex-positive).<br><br>I'm looking forward to work together with you!<\/p>\n\n\n\n<p><\/p>","protected":false},"excerpt":{"rendered":"<p>Als approbierter Psychotherapeut biete ich Ihnen professionelle Unterst\u00fctzung, wenn Sie beispielsweise unter psychischen Problemen, einer pers\u00f6nlichen Krise, zwischenmenschlichen Konfliktsituationen oder nicht verarbeiteten biographischen Erfahrungen leiden. Ich bewerte nicht, welches Anliegen Sie zu mir f\u00fchrt, denn die Gr\u00fcnde professionelle Unterst\u00fctzung zu suchen sind sehr individuell und immer richtig! In der Psychotherapie ist es f\u00fcr mich von &hellip; <\/p>\n<p class=\"link-more\"><a href=\"https:\/\/www.therapie-voigts.de\/en\/\" class=\"more-link\">Continue reading<span class=\"screen-reader-text\"> &#8222;Herzlich Willkommen&#8220;<\/span><\/a><\/p>","protected":false},"author":2,"featured_media":0,"parent":0,"menu_order":0,"comment_status":"closed","ping_status":"closed","template":"","meta":{"footnotes":""},"_links":{"self":[{"href":"https:\/\/www.therapie-voigts.de\/en\/wp-json\/wp\/v2\/pages\/33"}],"collection":[{"href":"https:\/\/www.therapie-voigts.de\/en\/wp-json\/wp\/v2\/pages"}],"about":[{"href":"https:\/\/www.therapie-voigts.de\/en\/wp-json\/wp\/v2\/types\/page"}],"author":[{"embeddable":true,"href":"https:\/\/www.therapie-voigts.de\/en\/wp-json\/wp\/v2\/users\/2"}],"replies":[{"embeddable":true,"href":"https:\/\/www.therapie-voigts.de\/en\/wp-json\/wp\/v2\/comments?post=33"}],"version-history":[{"count":51,"href":"https:\/\/www.therapie-voigts.de\/en\/wp-json\/wp\/v2\/pages\/33\/revisions"}],"predecessor-version":[{"id":359,"href":"https:\/\/www.therapie-voigts.de\/en\/wp-json\/wp\/v2\/pages\/33\/revisions\/359"}],"wp:attachment":[{"href":"https:\/\/www.therapie-voigts.de\/en\/wp-json\/wp\/v2\/media?parent=33"}],"curies":[{"name":"wp","href":"https:\/\/api.w.org\/{rel}","templated":true}]}}